{"id":10590,"date":"2025-01-30T00:22:55","date_gmt":"2025-01-30T00:22:55","guid":{"rendered":"https:\/\/linktrainer.com.br\/?page_id=10590"},"modified":"2025-03-10T21:51:21","modified_gmt":"2025-03-11T01:51:21","slug":"sobre-nos","status":"publish","type":"page","link":"https:\/\/linktrainer.com.br\/?page_id=10590","title":{"rendered":"Sobre n\u00f3s"},"content":{"rendered":"<p>Link Trainer<img decoding=\"async\" src=\"https:\/\/linktrainer.com.br\/wp-content\/uploads\/2025\/01\/Ativo-1-1-e1738204012425.png\" alt=\"Link%20Trainer\"  \/>Quem Somos<\/p>\n<h2>Nossa Hist\u00f3ria<\/h2>\n<p>A hist\u00f3ria por tr\u00e1s do nome Link Trainer \u00e9 uma homenagem ao primeiro simulador de voo do mundo, tamb\u00e9m chamado de <b>&#8220;Link Trainer&#8221;, &#8220;Blue Box&#8221;<\/b> ou <b>&#8220;Pilot Trainer&#8221;<\/b>.  Inventado por <i>Edwin Link<\/i> em 1929, o Link Trainer revolucionou o treinamento de pilotos, permitindo que eles praticassem em um ambiente seguro e controlado. <\/p>\n<p>Assim como o <b>Link Trainer<\/b> original ajudou os pilotos a aprimorar suas habilidades sem o risco de consequ\u00eancias reais, a Link Trainer para o setor imobili\u00e1rio oferece um ambiente semelhante, ele permite que os profissionais pratiquem suas habilidades de vendas e atendimento ao cliente em cen\u00e1rios simulados, reduzindo erros e melhorando o desempenho.\u00a0 \u00a0<\/p>\n<p>\t\t\t\t\t\t\t\t\t\t\t\t\t\t\t<img loading=\"lazy\" decoding=\"async\" width=\"1100\" height=\"688\" src=\"https:\/\/linktrainer.com.br\/wp-content\/uploads\/2025\/02\/336192_orig.jpg\" alt=\"\" srcset=\"https:\/\/linktrainer.com.br\/wp-content\/uploads\/2025\/02\/336192_orig.jpg 1100w, https:\/\/linktrainer.com.br\/wp-content\/uploads\/2025\/02\/336192_orig-300x188.jpg 300w, https:\/\/linktrainer.com.br\/wp-content\/uploads\/2025\/02\/336192_orig-1024x640.jpg 1024w, https:\/\/linktrainer.com.br\/wp-content\/uploads\/2025\/02\/336192_orig-768x480.jpg 768w, https:\/\/linktrainer.com.br\/wp-content\/uploads\/2025\/02\/336192_orig-384x241.jpg 384w, https:\/\/linktrainer.com.br\/wp-content\/uploads\/2025\/02\/336192_orig-600x375.jpg 600w\" sizes=\"auto, (max-width: 1100px) 100vw, 1100px\" \/><br \/>\n\t\t\t\t\tLink Trainer<img decoding=\"async\" src=\"https:\/\/linktrainer.com.br\/wp-content\/uploads\/2025\/01\/Ativo-1-1-e1738204012425.png\" alt=\"Link%20Trainer\"  \/>Quem Somos<\/p>\n<h2>Nossa Hist\u00f3ria<\/h2>\n<p>A hist\u00f3ria por tr\u00e1s do nome Link Trainer \u00e9 uma homenagem ao primeiro simulador de voo do mundo, tamb\u00e9m chamado de &#8220;Link Trainer&#8221;, &#8220;Blue Box&#8221; ou &#8220;Pilot Trainer&#8221;.  Inventado por Edwin Link em 1929, o Link Trainer revolucionou o treinamento de pilotos, permitindo que eles praticassem em um ambiente seguro e controlado. <\/p>\n<p>Assim como o Link Trainer original ajudou os pilotos a aprimorar suas habilidades sem o risco de consequ\u00eancias reais, a Link Trainer para o setor imobili\u00e1rio oferece um ambiente semelhante, ele permite que os profissionais pratiquem suas habilidades de vendas e atendimento ao cliente em cen\u00e1rios simulados, reduzindo erros e melhorando o desempenho.\u00a0 \u00a0<\/p>\n<p>\t\t\t\t\t\t\t\t\t\t\t\t\t\t\t<img loading=\"lazy\" decoding=\"async\" width=\"1100\" height=\"688\" src=\"https:\/\/linktrainer.com.br\/wp-content\/uploads\/2025\/02\/336192_orig.jpg\" alt=\"\" srcset=\"https:\/\/linktrainer.com.br\/wp-content\/uploads\/2025\/02\/336192_orig.jpg 1100w, https:\/\/linktrainer.com.br\/wp-content\/uploads\/2025\/02\/336192_orig-300x188.jpg 300w, https:\/\/linktrainer.com.br\/wp-content\/uploads\/2025\/02\/336192_orig-1024x640.jpg 1024w, https:\/\/linktrainer.com.br\/wp-content\/uploads\/2025\/02\/336192_orig-768x480.jpg 768w, https:\/\/linktrainer.com.br\/wp-content\/uploads\/2025\/02\/336192_orig-384x241.jpg 384w, https:\/\/linktrainer.com.br\/wp-content\/uploads\/2025\/02\/336192_orig-600x375.jpg 600w\" sizes=\"auto, (max-width: 1100px) 100vw, 1100px\" \/><br \/>\n\t\t\t\t\t\t\t\t\t\t\t\t\t\t\t<img decoding=\"async\" src=\"https:\/\/linktrainer.com.br\/wp-content\/uploads\/elementor\/thumbs\/WhatsApp-Image-2025-02-04-at-09.51.25-r1pqoa1oj22tvwjgaxe8ij57iokqq0k531nctqju1k.jpeg\" title=\"WhatsApp Image 2025-02-04 at 09.51.25\" alt=\"WhatsApp Image 2025-02-04 at 09.51.25\" loading=\"lazy\" \/><br \/>\n\t\t\t\t\tLink Trainer<img decoding=\"async\" src=\"https:\/\/linktrainer.com.br\/wp-content\/uploads\/2025\/01\/Ativo-1-1-e1738204012425.png\" alt=\"Link%20Trainer\"  \/>Link Trainer<\/p>\n<h2>Nosso prop\u00f3sito<\/h2>\n<p>A palavra Link tamb\u00e9m tem o significado de conex\u00e3o. Por isso, a Link Trainer \u00e9 mais do que o primeiro simulador de vendas e atendimento do mercado imobili\u00e1rio, ela tem por objetivo e ess\u00eancia desenvolver habilidades de conex\u00e3o e negocia\u00e7\u00e3o entre os agentes comerciais do mercado imobili\u00e1rio. <\/p>\n<p>Nosso prop\u00f3sito \u00e9 ajudar profissionais do mercado imobili\u00e1rio a otimizar sua performance comercial, tornando a qualifica\u00e7\u00e3o e a conex\u00e3o com o cliente um diferencial estrat\u00e9gico para imobili\u00e1rias e incorporadoras de todo o Brasil. Sempre com solu\u00e7\u00f5es inovadoras de treinamento que ajudem os profissionais do mercado imobili\u00e1rio a se conectar com os clientes e alcan\u00e7ar melhores resultados.\n<\/p>\n<p>\t\t\t\t\tVALORES<img decoding=\"async\" src=\"https:\/\/linktrainer.com.br\/wp-content\/uploads\/2025\/01\/Ativo-1-1-e1738204012425.png\" alt=\"Link%20Trainer\"  \/>link trainer<\/p>\n<h2>Nossos Valores<\/h2>\n<p>\t\t\t\t\t<img decoding=\"async\" src=\"https:\/\/linktrainer.com.br\/wp-content\/uploads\/2024\/02\/process_line-1.svg\" alt=\"Link%20Trainer\"  \/><img decoding=\"async\" src=\"https:\/\/linktrainer.com.br\/wp-content\/uploads\/2025\/01\/Prancheta-2-e1738207666239.png\" alt=\"Link%20Trainer\"  \/><\/p>\n<h3>Resili\u00eancia<\/h3>\n<p>Enfrentamos os desafios do mercado imobili\u00e1rio com determina\u00e7\u00e3o, adaptando estrat\u00e9gias e aprimorando constantemente nossos treinamentos para garantir a evolu\u00e7\u00e3o das equipes.<\/p>\n<p><img decoding=\"async\" src=\"https:\/\/linktrainer.com.br\/wp-content\/uploads\/2025\/01\/Prancheta-3-e1738207705863.png\" alt=\"Link%20Trainer\"  \/><\/p>\n<h3>Inova\u00e7\u00e3o<\/h3>\n<p> Desenvolvemos metodologias modernas e pr\u00e1ticas que transformam a abordagem comercial, preparando profissionais para se destacarem em um mercado cada vez mais competitivo.<\/p>\n<p><img decoding=\"async\" src=\"https:\/\/linktrainer.com.br\/wp-content\/uploads\/2025\/01\/Prancheta-4-e1738207763702.png\" alt=\"Link%20Trainer\"  \/><\/p>\n<h3>Transpar\u00eancia<\/h3>\n<p>Mantemos um relacionamento \u00e9tico, claro e direto com nossos clientes, garantindo credibilidade, confian\u00e7a e alinhamento com os objetivos de cada imobili\u00e1ria.<\/p>\n<p><img decoding=\"async\" src=\"https:\/\/linktrainer.com.br\/wp-content\/uploads\/2025\/01\/Prancheta-1-e1738207788342.png\" alt=\"Link%20Trainer\"  \/><\/p>\n<h3>Comprometimento<\/h3>\n<p>Trabalhamos com foco total em resultados reais, impactando diretamente a performance das equipes e contribuindo para o crescimento sustent\u00e1vel de nossos clientes..<\/p>\n<p>\t\t\t\t\tVALORES<img decoding=\"async\" src=\"https:\/\/linktrainer.com.br\/wp-content\/uploads\/2025\/01\/Ativo-1-1-e1738204012425.png\" alt=\"Link%20Trainer\"  \/>link trainer<\/p>\n<h2>Nossos Valores<\/h2>\n<p>\t\t\t\t\t<img decoding=\"async\" src=\"https:\/\/linktrainer.com.br\/wp-content\/uploads\/2024\/02\/process_line-1.svg\" alt=\"Link%20Trainer\"  \/>01<img decoding=\"async\" src=\"https:\/\/linktrainer.com.br\/wp-content\/uploads\/2025\/01\/Prancheta-2-e1738207666239.png\" alt=\"Link%20Trainer\"  \/><\/p>\n<h3>Resili\u00eancia<\/h3>\n<p>Enfrentamos os desafios do mercado imobili\u00e1rio com determina\u00e7\u00e3o, adaptando estrat\u00e9gias e aprimorando constantemente nossos treinamentos para garantir a evolu\u00e7\u00e3o das equipes.<\/p>\n<p>02<img decoding=\"async\" src=\"https:\/\/linktrainer.com.br\/wp-content\/uploads\/2025\/01\/Prancheta-3-e1738207705863.png\" alt=\"Link%20Trainer\"  \/><\/p>\n<h3>Inova\u00e7\u00e3o<\/h3>\n<p> Desenvolvemos metodologias modernas e pr\u00e1ticas que transformam a abordagem comercial, preparando profissionais para se destacarem em um mercado cada vez mais competitivo.<\/p>\n<p>03<img decoding=\"async\" src=\"https:\/\/linktrainer.com.br\/wp-content\/uploads\/2025\/01\/Prancheta-4-e1738207763702.png\" alt=\"Link%20Trainer\"  \/><\/p>\n<h3>Transpar\u00eancia<\/h3>\n<p>Mantemos um relacionamento \u00e9tico, claro e direto com nossos clientes, garantindo credibilidade, confian\u00e7a e alinhamento com os objetivos de cada imobili\u00e1ria.<\/p>\n<p>04<img decoding=\"async\" src=\"https:\/\/linktrainer.com.br\/wp-content\/uploads\/2025\/01\/Prancheta-1-e1738207788342.png\" alt=\"Link%20Trainer\"  \/><\/p>\n<h3>Comprometimento<\/h3>\n<p>Trabalhamos com foco total em resultados reais, impactando diretamente a performance das equipes e contribuindo para o crescimento sustent\u00e1vel de nossos clientes..<\/p>\n<p>\t\t\t\t\t<img decoding=\"async\" src=\"https:\/\/linktrainer.com.br\/wp-content\/uploads\/2025\/01\/Ativo-1-1-e1738204012425.png\" alt=\"Link%20Trainer\"  \/>Sobre o Fundador<\/p>\n<h2>Bruno Filgueiras<\/h2>\n<p>Mentor especializado no setor imobili\u00e1rio, com vasta experi\u00eancia em capta\u00e7\u00e3o de im\u00f3veis e treinamento de equipes comerciais.<\/p>\n<p>\t\t\t\t\t<a href=\"https:\/\/www.instagram.com\/brunofilgueiras\/\" target=\"_blank\"><br \/>\n\t\t\t\t\t\tInstagram<br \/>\n\t\t\t\t\t\t\t\t\t\t\t<\/a><br \/>\n\t\t\t\t\t<a href=\"https:\/\/www.facebook.com\/\" target=\"_blank\"><br \/>\n\t\t\t\t\t\tFacebook<br \/>\n\t\t\t\t\t\t\t\t\t\t\t<\/a><br \/>\n\t\t\t\t\t<a href=\"https:\/\/www.linkedin.com\/in\/bruno-filgueiras-8a7bba1b\/\" target=\"_blank\"><br \/>\n\t\t\t\t\t\tLinkedin<br \/>\n\t\t\t\t\t\t\t\t\t\t\t<\/a><br \/>\n\t\t\t\t\t\t\t\t\t\t\t\t\t\t\t<img loading=\"lazy\" decoding=\"async\" width=\"751\" height=\"892\" src=\"https:\/\/linktrainer.com.br\/wp-content\/uploads\/2025\/01\/Imagem-BrunoLogo.png\" alt=\"\" srcset=\"https:\/\/linktrainer.com.br\/wp-content\/uploads\/2025\/01\/Imagem-BrunoLogo.png 1027w, https:\/\/linktrainer.com.br\/wp-content\/uploads\/2025\/01\/Imagem-BrunoLogo-253x300.png 253w, https:\/\/linktrainer.com.br\/wp-content\/uploads\/2025\/01\/Imagem-BrunoLogo-862x1024.png 862w, https:\/\/linktrainer.com.br\/wp-content\/uploads\/2025\/01\/Imagem-BrunoLogo-768x912.png 768w, https:\/\/linktrainer.com.br\/wp-content\/uploads\/2025\/01\/Imagem-BrunoLogo-600x713.png 600w\" sizes=\"auto, (max-width: 751px) 100vw, 751px\" \/><\/p>\n","protected":false},"excerpt":{"rendered":"<p>Link TrainerQuem Somos Nossa Hist\u00f3ria A hist\u00f3ria por tr\u00e1s do nome Link Trainer \u00e9 uma homenagem ao primeiro simulador de voo do mundo, tamb\u00e9m chamado de &#8220;Link Trainer&#8221;, &#8220;Blue Box&#8221; ou &#8220;Pilot Trainer&#8221;. Inventado por Edwin Link em 1929, o Link Trainer revolucionou o treinamento de pilotos, permitindo que eles praticassem em um ambiente seguro&hellip; <a class=\"more-link\" href=\"https:\/\/linktrainer.com.br\/?page_id=10590\">Continuar lendo <span class=\"screen-reader-text\">Sobre n\u00f3s<\/span><\/a><\/p>\n","protected":false},"author":2,"featured_media":0,"parent":0,"menu_order":0,"comment_status":"closed","ping_status":"closed","template":"elementor_theme","meta":{"footnotes":""},"class_list":["post-10590","page","type-page","status-publish","hentry","entry"],"_links":{"self":[{"href":"https:\/\/linktrainer.com.br\/index.php?rest_route=\/wp\/v2\/pages\/10590","targetHints":{"allow":["GET"]}}],"collection":[{"href":"https:\/\/linktrainer.com.br\/index.php?rest_route=\/wp\/v2\/pages"}],"about":[{"href":"https:\/\/linktrainer.com.br\/index.php?rest_route=\/wp\/v2\/types\/page"}],"author":[{"embeddable":true,"href":"https:\/\/linktrainer.com.br\/index.php?rest_route=\/wp\/v2\/users\/2"}],"replies":[{"embeddable":true,"href":"https:\/\/linktrainer.com.br\/index.php?rest_route=%2Fwp%2Fv2%2Fcomments&post=10590"}],"version-history":[{"count":49,"href":"https:\/\/linktrainer.com.br\/index.php?rest_route=\/wp\/v2\/pages\/10590\/revisions"}],"predecessor-version":[{"id":11448,"href":"https:\/\/linktrainer.com.br\/index.php?rest_route=\/wp\/v2\/pages\/10590\/revisions\/11448"}],"wp:attachment":[{"href":"https:\/\/linktrainer.com.br\/index.php?rest_route=%2Fwp%2Fv2%2Fmedia&parent=10590"}],"curies":[{"name":"wp","href":"https:\/\/api.w.org\/{rel}","templated":true}]}}