{"id":10754,"date":"2025-01-31T15:15:33","date_gmt":"2025-01-31T15:15:33","guid":{"rendered":"https:\/\/linktrainer.com.br\/?page_id=10754"},"modified":"2025-03-10T21:46:37","modified_gmt":"2025-03-11T01:46:37","slug":"metodologia","status":"publish","type":"page","link":"https:\/\/linktrainer.com.br\/?page_id=10754","title":{"rendered":"Metodologia"},"content":{"rendered":"<h3>\n<h2 style=\"font-family: Barlow, sans-serif\">Como Funciona Nosso Treinamento?<\/h2>\n<\/h3>\n<p>Simulamos cen\u00e1rios reais para resultados transformadores<\/p>\n<ol>\n<li style=\"font-weight: 400;\" aria-level=\"1\">\n<h6>Imers\u00e3o Inicial:<b><br \/><\/b>Entrevistas e an\u00e1lises para entender os desafios espec\u00edficos da sua equipe.<\/h6>\n<\/li>\n<li style=\"font-weight: 400;\" aria-level=\"1\">\n<h6>Simula\u00e7\u00f5es Pr\u00e1ticas:<b><br \/><\/b>Cen\u00e1rios baseados na realidade do mercado, incluindo obje\u00e7\u00f5es e negocia\u00e7\u00f5es.<\/h6>\n<\/li>\n<li style=\"font-weight: 400;\" aria-level=\"1\">\n<h6>Feedbacks T\u00e9cnicos:<b><br \/><\/b>Coletivos e individuais, baseados no teste de Janela de Johari.<\/h6>\n<\/li>\n<li style=\"font-weight: 400;\" aria-level=\"1\">\n<h6>Acompanhamento Cont\u00ednuo:<b><br \/><\/b>Ajustes estrat\u00e9gicos com base na evolu\u00e7\u00e3o da equipe.<\/h6>\n<\/li>\n<\/ol>\n<p>\t\t\t\t\t\t\t\t\t\t\t\t\t\t\t<img loading=\"lazy\" decoding=\"async\" width=\"2560\" height=\"1465\" src=\"https:\/\/linktrainer.com.br\/wp-content\/uploads\/2025\/01\/AdobeStock_555365761-scaled.jpeg\" alt=\"\" srcset=\"https:\/\/linktrainer.com.br\/wp-content\/uploads\/2025\/01\/AdobeStock_555365761-scaled.jpeg 2560w, https:\/\/linktrainer.com.br\/wp-content\/uploads\/2025\/01\/AdobeStock_555365761-300x172.jpeg 300w, https:\/\/linktrainer.com.br\/wp-content\/uploads\/2025\/01\/AdobeStock_555365761-1024x586.jpeg 1024w, https:\/\/linktrainer.com.br\/wp-content\/uploads\/2025\/01\/AdobeStock_555365761-768x440.jpeg 768w, https:\/\/linktrainer.com.br\/wp-content\/uploads\/2025\/01\/AdobeStock_555365761-1536x879.jpeg 1536w, https:\/\/linktrainer.com.br\/wp-content\/uploads\/2025\/01\/AdobeStock_555365761-2048x1172.jpeg 2048w, https:\/\/linktrainer.com.br\/wp-content\/uploads\/2025\/01\/AdobeStock_555365761-600x343.jpeg 600w\" sizes=\"auto, (max-width: 2560px) 100vw, 2560px\" \/><br \/>\n\t\t<img loading=\"lazy\" decoding=\"async\" src=\"https:\/\/linktrainer.com.br\/wp-content\/uploads\/2025\/01\/AdobeStock_668275394-1024x683.jpeg\" alt=\"\" width=\"1024\" height=\"683\" \/>\u00a0<\/p>\n<h3><b>Benef\u00edcios do Treinamento<\/b><\/h3>\n<ul>\n<li>Aumento na taxa de convers\u00e3o, em alguns casos, quadruplicando em menos de 3 meses.<\/li>\n<li>Equipes mais confiantes e preparadas para desafios do mercado.<\/li>\n<li>Redu\u00e7\u00e3o do ciclo de vendas, aumentando a efici\u00eancia.<\/li>\n<li>Clientes mais conectados com a empresa e, com isso, mais satisfeitos e fidelizados.<\/li>\n<\/ul>\n","protected":false},"excerpt":{"rendered":"<p>Como Funciona Nosso Treinamento? Simulamos cen\u00e1rios reais para resultados transformadores Imers\u00e3o Inicial:Entrevistas e an\u00e1lises para entender os desafios espec\u00edficos da sua equipe. Simula\u00e7\u00f5es Pr\u00e1ticas:Cen\u00e1rios baseados na realidade do mercado, incluindo obje\u00e7\u00f5es e negocia\u00e7\u00f5es. Feedbacks T\u00e9cnicos:Coletivos e individuais, baseados no teste de Janela de Johari. Acompanhamento Cont\u00ednuo:Ajustes estrat\u00e9gicos com base na evolu\u00e7\u00e3o da equipe. \u00a0 Benef\u00edcios&hellip; <a class=\"more-link\" href=\"https:\/\/linktrainer.com.br\/?page_id=10754\">Continuar lendo <span class=\"screen-reader-text\">Metodologia<\/span><\/a><\/p>\n","protected":false},"author":2,"featured_media":0,"parent":0,"menu_order":0,"comment_status":"closed","ping_status":"closed","template":"elementor_theme","meta":{"footnotes":""},"class_list":["post-10754","page","type-page","status-publish","hentry","entry"],"_links":{"self":[{"href":"https:\/\/linktrainer.com.br\/index.php?rest_route=\/wp\/v2\/pages\/10754","targetHints":{"allow":["GET"]}}],"collection":[{"href":"https:\/\/linktrainer.com.br\/index.php?rest_route=\/wp\/v2\/pages"}],"about":[{"href":"https:\/\/linktrainer.com.br\/index.php?rest_route=\/wp\/v2\/types\/page"}],"author":[{"embeddable":true,"href":"https:\/\/linktrainer.com.br\/index.php?rest_route=\/wp\/v2\/users\/2"}],"replies":[{"embeddable":true,"href":"https:\/\/linktrainer.com.br\/index.php?rest_route=%2Fwp%2Fv2%2Fcomments&post=10754"}],"version-history":[{"count":30,"href":"https:\/\/linktrainer.com.br\/index.php?rest_route=\/wp\/v2\/pages\/10754\/revisions"}],"predecessor-version":[{"id":11445,"href":"https:\/\/linktrainer.com.br\/index.php?rest_route=\/wp\/v2\/pages\/10754\/revisions\/11445"}],"wp:attachment":[{"href":"https:\/\/linktrainer.com.br\/index.php?rest_route=%2Fwp%2Fv2%2Fmedia&parent=10754"}],"curies":[{"name":"wp","href":"https:\/\/api.w.org\/{rel}","templated":true}]}}