{"id":316,"date":"2024-02-01T04:22:27","date_gmt":"2024-02-01T04:22:27","guid":{"rendered":"https:\/\/themeholy.com\/wordpress\/fresh\/?page_id=316"},"modified":"2025-03-11T00:24:30","modified_gmt":"2025-03-11T04:24:30","slug":"digital-agency","status":"publish","type":"page","link":"https:\/\/linktrainer.com.br\/?page_id=316","title":{"rendered":"Link Trainer"},"content":{"rendered":"<p>Link Traienr<img decoding=\"async\" src=\"https:\/\/linktrainer.com.br\/wp-content\/uploads\/2025\/01\/Ativo-1-1-e1738204012425.png\" alt=\"Link%20Trainer\"  \/>Link Trainer<\/p>\n<h2>Simula\u00e7\u00f5es que conectam, treinamentos que transformam<\/h2>\n<p>O primeiro simulador comercial para o mercado imobili\u00e1rio. <\/p>\n<p>\t\t\t\t\t<!-- Button --><a href=\"https:\/\/linktrainer.com.br\/sobre-nos\/\">Saiba mais<\/a><!-- End Button --><br \/>\n\t\t\t\t\t\t\t\t\t\t\t\t\t\t\t<img loading=\"lazy\" decoding=\"async\" width=\"751\" height=\"565\" src=\"https:\/\/linktrainer.com.br\/wp-content\/uploads\/2025\/02\/Ativo-1-1024x771.png\" alt=\"\" srcset=\"https:\/\/linktrainer.com.br\/wp-content\/uploads\/2025\/02\/Ativo-1-1024x771.png 1024w, https:\/\/linktrainer.com.br\/wp-content\/uploads\/2025\/02\/Ativo-1-300x226.png 300w, https:\/\/linktrainer.com.br\/wp-content\/uploads\/2025\/02\/Ativo-1-768x578.png 768w, https:\/\/linktrainer.com.br\/wp-content\/uploads\/2025\/02\/Ativo-1-1536x1157.png 1536w, https:\/\/linktrainer.com.br\/wp-content\/uploads\/2025\/02\/Ativo-1-2048x1542.png 2048w, https:\/\/linktrainer.com.br\/wp-content\/uploads\/2025\/02\/Ativo-1-600x452.png 600w, https:\/\/linktrainer.com.br\/wp-content\/uploads\/2025\/02\/Ativo-1-e1739335511172.png 780w\" sizes=\"auto, (max-width: 751px) 100vw, 751px\" \/><br \/>\n\t\t\t\t\tRESULTADOS<\/p>\n<h2>Treinamento pr\u00e1tico, resultados reais.<\/h2>\n<p>Treinamentos 100% pr\u00e1ticos para preparar sua equipe para os desafios e competitividade do mercado imobili\u00e1rio. <\/p>\n<p>Onde h\u00e1 corre\u00e7\u00e3o de erros, apontamentos de melhorias e extra\u00e7\u00e3o do melhor que sua equipe<br \/> pode gerar de resultados concretos em um mercado que est\u00e1 em constante evolu\u00e7\u00e3o.\n<\/p>\n<p>\t\t\t\t\tSERVI\u00c7OS<img decoding=\"async\" src=\"https:\/\/linktrainer.com.br\/wp-content\/uploads\/2025\/01\/Ativo-1-1-e1738204012425.png\" alt=\"Link%20Trainer\"  \/>Link Trainer<\/p>\n<h2> <\/h2>\n<p>\t\t\t\t\t\t\t\t\t\t\t<img decoding=\"async\" src=\"https:\/\/linktrainer.com.br\/wp-content\/uploads\/2025\/02\/mentoria-e1740014691398.png\" alt=\"Link%20Trainer\"  \/>\t\t\t\t\t\t\t\t\t\t<\/p>\n<h3><a href=\"https:\/\/linktrainer.com.br\/nossos-servicos\/\">Mentoria <\/a><\/h3>\n<p>Diagn\u00f3stico e Plano de A\u00e7\u00e3o voltados para orienta\u00e7\u00e3o de Gestores a tomarem as decis\u00f5es mais assertivas e competitivas.<\/p>\n<p>\t\t\t\t\t\t\t\t\t\t\t\t\t\t\t\t\t\t\t\t<a href=\"https:\/\/linktrainer.com.br\/nossos-servicos\/\">Saiba mais<\/a><br \/>\n\t\t\t\t\t\t\t\t\t\t\t\t<img decoding=\"async\" src=\"https:\/\/linktrainer.com.br\/wp-content\/uploads\/2024\/01\/service_card_bg.png\" alt=\"Link%20Trainer\"  \/><br \/>\n\t\t\t\t\t\t\t\t\t\t\t<img decoding=\"async\" src=\"https:\/\/linktrainer.com.br\/wp-content\/uploads\/2025\/01\/Ativo-20-e1738289517328.png\" alt=\"Link%20Trainer\"  \/>\t\t\t\t\t\t\t\t\t\t<\/p>\n<h3><a href=\"https:\/\/linktrainer.com.br\/nossos-servicos\/\">Treinamento Role Play<\/a><\/h3>\n<p>Simula\u00e7\u00f5es pr\u00e1ticas que recriam desafios do mercado imobili\u00e1rio para corrigir erros, fortalecer habilidades e criar estrat\u00e9gias personalizadas<\/p>\n<p>\t\t\t\t\t\t\t\t\t\t\t\t\t\t\t\t\t\t\t\t<a href=\"https:\/\/linktrainer.com.br\/nossos-servicos\/\">Saiba mais<\/a><br \/>\n\t\t\t\t\t\t\t\t\t\t\t\t<img decoding=\"async\" src=\"https:\/\/linktrainer.com.br\/wp-content\/uploads\/2024\/01\/service_card_bg.png\" alt=\"Link%20Trainer\"  \/><br \/>\n\t\t\t\t\t\t\t\t\t\t\t<img decoding=\"async\" src=\"https:\/\/linktrainer.com.br\/wp-content\/uploads\/2025\/01\/Ativo-23-e1738289599613.png\" alt=\"Link%20Trainer\"  \/>\t\t\t\t\t\t\t\t\t\t<\/p>\n<h3><a href=\"https:\/\/linktrainer.com.br\/nossos-servicos\/\">Assessoria Completa<\/a><\/h3>\n<p>Planejamos e implementamos processos que otimizam sua opera\u00e7\u00e3o, garantindo efici\u00eancia e consist\u00eancia em todas as etapas comerciais.<\/p>\n<p>\t\t\t\t\t\t\t\t\t\t\t\t\t\t\t\t\t\t\t\t<a href=\"https:\/\/linktrainer.com.br\/nossos-servicos\/\">Saiba mais<\/a><br \/>\n\t\t\t\t\t\t\t\t\t\t\t\t<img decoding=\"async\" src=\"https:\/\/linktrainer.com.br\/wp-content\/uploads\/2024\/01\/service_card_bg.png\" alt=\"Link%20Trainer\"  \/><br \/>\n\t\t\t\t\t\t\t\t\t\t\t<img decoding=\"async\" src=\"https:\/\/linktrainer.com.br\/wp-content\/uploads\/2025\/01\/Ativo-1-2-e1738289947865.png\" alt=\"Link%20Trainer\"  \/>\t\t\t\t\t\t\t\t\t\t<\/p>\n<h3><a href=\"https:\/\/linktrainer.com.br\/nossos-servicos\/\"> Cliente Oculto<\/a><\/h3>\n<p>Avaliamos anonimamente a concorr\u00eancia, trazendo insights sobre for\u00e7as e fraquezas do mercado.<\/p>\n<p>\t\t\t\t\t\t\t\t\t\t\t\t\t\t\t\t\t\t\t\t<a href=\"https:\/\/linktrainer.com.br\/nossos-servicos\/\">Saiba mais<\/a><br \/>\n\t\t\t\t\t\t\t\t\t\t\t\t<img decoding=\"async\" src=\"https:\/\/linktrainer.com.br\/wp-content\/uploads\/2024\/01\/service_card_bg.png\" alt=\"Link%20Trainer\"  \/><br \/>\n\t\t\t\t\t\t\t\t\t\t\t<img decoding=\"async\" src=\"https:\/\/linktrainer.com.br\/wp-content\/uploads\/2025\/02\/Diferenciais-competitivos-e1740015036835.png\" alt=\"Link%20Trainer\"  \/>\t\t\t\t\t\t\t\t\t\t<\/p>\n<h3><a href=\"https:\/\/linktrainer.com.br\/nossos-servicos\/\">Diferenciais Competitivos<\/a><\/h3>\n<p>Destacamos os diferenciais que tornam sua imobili\u00e1ria \u00fanica, fortalecendo sua presen\u00e7a e competitividade no mercado.<\/p>\n<p>\t\t\t\t\t\t\t\t\t\t\t\t\t\t\t\t\t\t\t\t<a href=\"https:\/\/linktrainer.com.br\/nossos-servicos\/\">Saiba mais<\/a><br \/>\n\t\t\t\t\t\t\t\t\t\t\t\t<img decoding=\"async\" src=\"https:\/\/linktrainer.com.br\/wp-content\/uploads\/2024\/01\/service_card_bg.png\" alt=\"Link%20Trainer\"  \/><br \/>\n\t\t\t\t\tCHOOSE US<img decoding=\"async\" src=\"https:\/\/linktrainer.com.br\/wp-content\/uploads\/2025\/01\/Ativo-1-1-e1738204012425.png\" alt=\"Link%20Trainer\"  \/>link trainer<\/p>\n<h2>Sess\u00e3o de Dados<\/h2>\n<p>Nossos treinamentos j\u00e1 impulsionaram diversas imobili\u00e1rias, otimizando processos, aumentando convers\u00f5es e reduzindo o ciclo de vendas. <br \/>Transforme sua equipe com estrat\u00e9gias comprovadas!<\/p>\n<h3>Taxa de Convers\u00e3o<\/h3>\n<p>Aumento m\u00e9dio de 25% na taxa de convers\u00e3o.<\/p>\n<h3>Ciclo de Vendas<\/h3>\n<p>Redu\u00e7\u00e3o em at\u00e9 30% do ciclo de vendas.<\/p>\n<p>\t\t\t\t\t<a href=\"https:\/\/linktrainer.com.br\/contato\/\">saiba mais<\/a><br \/>\n\t\t\t\t\t<img decoding=\"async\" src=\"https:\/\/linktrainer.com.br\/wp-content\/uploads\/2025\/02\/WhatsApp-Image-2025-02-04-at-09.51.25-2.jpeg\" alt=\"Link%20Trainer\"  \/><\/p>\n<h2>100+<\/h2>\n<p>Imobili\u00e1rias Atendidas<\/p>\n<p>\t\t\t\t\tBENEF\u00cdCIOS<img decoding=\"async\" src=\"https:\/\/linktrainer.com.br\/wp-content\/uploads\/2025\/01\/Ativo-1-1-e1738204012425.png\" alt=\"Link%20Trainer\"  \/>link trainer<\/p>\n<h2>Benef\u00edcios da Link Trainer<\/h2>\n<p>\t\t\t\t\t<img decoding=\"async\" src=\"https:\/\/linktrainer.com.br\/wp-content\/uploads\/2024\/02\/process_line-1.svg\" alt=\"Link%20Trainer\"  \/>01<img decoding=\"async\" src=\"https:\/\/linktrainer.com.br\/wp-content\/uploads\/2025\/02\/Beneficios01-e1740018150589.png\" alt=\"Link%20Trainer\"  \/><\/p>\n<h3>Simula\u00e7\u00f5es pr\u00e1ticas personalizadas.<\/h3>\n<p>02<img decoding=\"async\" src=\"https:\/\/linktrainer.com.br\/wp-content\/uploads\/2025\/02\/Beneficios02-e1740018129830.png\" alt=\"Link%20Trainer\"  \/><\/p>\n<h3>Redu\u00e7\u00e3o de erros e aumento de fechamento de neg\u00f3cios.<\/h3>\n<p>03<img decoding=\"async\" src=\"https:\/\/linktrainer.com.br\/wp-content\/uploads\/2025\/02\/Beneficios03-e1740018172818.png\" alt=\"Link%20Trainer\"  \/><\/p>\n<h3>Equipes mais confiantes e preparadas.<\/h3>\n<p>04<img decoding=\"async\" src=\"https:\/\/linktrainer.com.br\/wp-content\/uploads\/2025\/02\/Beneficios04-e1740018191953.png\" alt=\"Link%20Trainer\"  \/><\/p>\n<h3>Estrat\u00e9gias ajustadas ao perfil da sua imobili\u00e1ria.<\/h3>\n<p>\t\t\t\t\tCONTE\u00daDOS<\/p>\n<h2>Leia nossos  Blogs<\/h2>\n<p>\t\t\t\t\t<a href=\"https:\/\/linktrainer.com.br\/2025\/02\/24\/\">24 fev, 2025<\/a><a href=\"https:\/\/linktrainer.com.br\/captacao-de-imoveis-a-chave-para-o-crescimento-sustentavel-das-imobiliarias\/#respond\"> 0 Comments<\/a><\/p>\n<h3><a href=\"https:\/\/linktrainer.com.br\/captacao-de-imoveis-a-chave-para-o-crescimento-sustentavel-das-imobiliarias\/\">Capta\u00e7\u00e3o de Im\u00f3veis: A Chave para o Crescimento Sustent\u00e1vel das Imobili\u00e1rias<\/a><\/h3>\n<p>Se voc\u00ea \u00e9 gestor de uma imobili\u00e1ria, j\u00e1 deve ter enfrentado o desafio de manter um fluxo cont\u00ednuo de im\u00f3veis<\/p>\n<p><a href=\"https:\/\/linktrainer.com.br\/author\/falecombrunofilgueirasgmail-com\/\"><img loading=\"lazy\" decoding=\"async\" src=\"https:\/\/secure.gravatar.com\/avatar\/a68e59a62fa446750312b217ec99d1dc?s=96&#038;d=mm&#038;r=g\" alt=\"Link%20Trainer\"  width=\"30\" height=\"30\" \/>By Falecombrunofilgueiras@gmail.com<\/a><a href=\"https:\/\/linktrainer.com.br\/captacao-de-imoveis-a-chave-para-o-crescimento-sustentavel-das-imobiliarias\/\">Leia mais<\/a><a href=\"https:\/\/linktrainer.com.br\/2025\/03\/10\/\">10 mar, 2025<\/a><a href=\"https:\/\/linktrainer.com.br\/como-estruturar-um-processo-eficiente-de-captacao-de-imoveis\/#respond\"> 0 Comments<\/a><\/p>\n<h3><a href=\"https:\/\/linktrainer.com.br\/como-estruturar-um-processo-eficiente-de-captacao-de-imoveis\/\">Como Estruturar um Processo Eficiente de Capta\u00e7\u00e3o de Im\u00f3veis?<\/a><\/h3>\n<p>Como Estruturar um Processo Eficiente de Capta\u00e7\u00e3o de Im\u00f3veis? Para superar esses desafios, a imobili\u00e1ria precisa enxergar a capta\u00e7\u00e3o como<\/p>\n<p><a href=\"https:\/\/linktrainer.com.br\/author\/falecombrunofilgueirasgmail-com\/\"><img loading=\"lazy\" decoding=\"async\" src=\"https:\/\/secure.gravatar.com\/avatar\/a68e59a62fa446750312b217ec99d1dc?s=96&#038;d=mm&#038;r=g\" alt=\"Link%20Trainer\"  width=\"30\" height=\"30\" \/>By Falecombrunofilgueiras@gmail.com<\/a><a href=\"https:\/\/linktrainer.com.br\/como-estruturar-um-processo-eficiente-de-captacao-de-imoveis\/\">Leia mais<\/a><a href=\"https:\/\/linktrainer.com.br\/2025\/03\/10\/\">10 mar, 2025<\/a><a href=\"https:\/\/linktrainer.com.br\/o-grande-erro-das-imobiliarias-subestimar-a-captacao\/#respond\"> 0 Comments<\/a><\/p>\n<h3><a href=\"https:\/\/linktrainer.com.br\/o-grande-erro-das-imobiliarias-subestimar-a-captacao\/\">O Grande Erro das Imobili\u00e1rias: Subestimar a Capta\u00e7\u00e3o<\/a><\/h3>\n<p>O Grande Erro das Imobili\u00e1rias: Subestimar a Capta\u00e7\u00e3o A maioria das imobili\u00e1rias encara a capta\u00e7\u00e3o como uma tarefa secund\u00e1ria, muitas<\/p>\n<p><a href=\"https:\/\/linktrainer.com.br\/author\/falecombrunofilgueirasgmail-com\/\"><img loading=\"lazy\" decoding=\"async\" src=\"https:\/\/secure.gravatar.com\/avatar\/a68e59a62fa446750312b217ec99d1dc?s=96&#038;d=mm&#038;r=g\" alt=\"Link%20Trainer\"  width=\"30\" height=\"30\" \/>By Falecombrunofilgueiras@gmail.com<\/a><a href=\"https:\/\/linktrainer.com.br\/o-grande-erro-das-imobiliarias-subestimar-a-captacao\/\">Leia mais<\/a><button data-slider-prev=\"#blogSlider1\"><\/button><button data-slider-next=\"#blogSlider1\"><\/button><\/p>\n","protected":false},"excerpt":{"rendered":"<p>Link TraienrLink Trainer Simula\u00e7\u00f5es que conectam, treinamentos que transformam O primeiro simulador comercial para o mercado imobili\u00e1rio. Saiba mais RESULTADOS Treinamento pr\u00e1tico, resultados reais. Treinamentos 100% pr\u00e1ticos para preparar sua equipe para os desafios e competitividade do mercado imobili\u00e1rio. Onde h\u00e1 corre\u00e7\u00e3o de erros, apontamentos de melhorias e extra\u00e7\u00e3o do melhor que sua equipe pode&hellip; <a class=\"more-link\" href=\"https:\/\/linktrainer.com.br\/?page_id=316\">Continuar lendo <span class=\"screen-reader-text\">Link Trainer<\/span><\/a><\/p>\n","protected":false},"author":1,"featured_media":0,"parent":0,"menu_order":0,"comment_status":"closed","ping_status":"closed","template":"elementor_header_footer","meta":{"footnotes":""},"class_list":["post-316","page","type-page","status-publish","hentry","entry"],"_links":{"self":[{"href":"https:\/\/linktrainer.com.br\/index.php?rest_route=\/wp\/v2\/pages\/316","targetHints":{"allow":["GET"]}}],"collection":[{"href":"https:\/\/linktrainer.com.br\/index.php?rest_route=\/wp\/v2\/pages"}],"about":[{"href":"https:\/\/linktrainer.com.br\/index.php?rest_route=\/wp\/v2\/types\/page"}],"author":[{"embeddable":true,"href":"https:\/\/linktrainer.com.br\/index.php?rest_route=\/wp\/v2\/users\/1"}],"replies":[{"embeddable":true,"href":"https:\/\/linktrainer.com.br\/index.php?rest_route=%2Fwp%2Fv2%2Fcomments&post=316"}],"version-history":[{"count":252,"href":"https:\/\/linktrainer.com.br\/index.php?rest_route=\/wp\/v2\/pages\/316\/revisions"}],"predecessor-version":[{"id":11499,"href":"https:\/\/linktrainer.com.br\/index.php?rest_route=\/wp\/v2\/pages\/316\/revisions\/11499"}],"wp:attachment":[{"href":"https:\/\/linktrainer.com.br\/index.php?rest_route=%2Fwp%2Fv2%2Fmedia&parent=316"}],"curies":[{"name":"wp","href":"https:\/\/api.w.org\/{rel}","templated":true}]}}