{"id":967,"date":"2024-02-06T11:51:27","date_gmt":"2024-02-06T11:51:27","guid":{"rendered":"https:\/\/themeholy.com\/wordpress\/fresh\/?page_id=967"},"modified":"2025-03-11T00:31:53","modified_gmt":"2025-03-11T04:31:53","slug":"contato","status":"publish","type":"page","link":"https:\/\/linktrainer.com.br\/?page_id=967","title":{"rendered":"Contato"},"content":{"rendered":"<p>Contato<\/p>\n<h1><img decoding=\"async\" src=\"https:\/\/linktrainer.com.br\/wp-content\/uploads\/2025\/01\/Ativo-1-1-e1738204012425.png\" alt=\"Link%20Trainer\"  \/>Link Trainer<\/h1>\n<h1>Entre em contato conosco!<\/h1>\n<p>Fale com a gente e leve sua equipe a um novo <b>n\u00edvel de desempenho!<\/b><\/p>\n<form id=\"wpforms-form-11468\" data-formid=\"11468\" method=\"post\" enctype=\"multipart\/form-data\" action=\"\/wp-admin\/admin-ajax.php\" data-token=\"37d01067851bb49e0eb9ec838e25fb57\" data-token-time=\"1741667513\"><noscript>Ative o JavaScript no seu navegador para preencher este formul\u00e1rio.<\/noscript>Ative o JavaScript no seu navegador para preencher este formul\u00e1rio.<\/p>\n<fieldset>\n<legend>Nome *<\/legend>\n<p><input type=\"text\" id=\"wpforms-11468-field_1\" name=\"wpforms[fields][1][first]\" aria-errormessage=\"wpforms-11468-field_1-error\" required><label for=\"wpforms-11468-field_1\">Nome<\/label><input type=\"text\" id=\"wpforms-11468-field_1-last\" name=\"wpforms[fields][1][last]\" aria-errormessage=\"wpforms-11468-field_1-last-error\" required><label for=\"wpforms-11468-field_1-last\">Sobrenome<\/label><\/fieldset>\n<p><label for=\"wpforms-11468-field_2\">E-mail *<\/label><input type=\"email\" id=\"wpforms-11468-field_2\" name=\"wpforms[fields][2]\" spellcheck=\"false\" aria-errormessage=\"wpforms-11468-field_2-error\" required><label for=\"wpforms-11468-field_3\">Coment\u00e1rio ou Mensagem<\/label><textarea id=\"wpforms-11468-field_3\" name=\"wpforms[fields][3]\" aria-errormessage=\"wpforms-11468-field_3-error\" ><\/textarea><!-- .wpforms-field-container --><input type=\"hidden\" name=\"wpforms[id]\" value=\"11468\">\t\t\t<input\n\t\t\t\ttype=\"hidden\"\n\t\t\t\tname=\"wpforms[nonce]\"\n\t\t\t\tvalue=\"8c764b4ed2\"\n\t\t\t\/><br \/>\n\t\t\t<input type=\"hidden\" name=\"page_title\" value=\"{page_title}\"><input type=\"hidden\" name=\"page_url\" value=\"http:\/\/page_url\"><button type=\"submit\" name=\"wpforms[submit]\" id=\"wpforms-submit-11468\" data-alt-text=\"Enviando\u2026\" data-submit-text=\"Enviar\" aria-live=\"assertive\" value=\"wpforms-submit\">Enviar<\/button><img loading=\"lazy\" decoding=\"async\" src=\"https:\/\/linktrainer.com.br\/wp-content\/plugins\/wpforms-lite\/assets\/images\/submit-spin.svg\" style=\"display: none;\" width=\"26\" height=\"26\" alt=\"Carregando\"><\/form>\n<p>  <!-- .wpforms-container -->\t\t<\/p>\n<h3><\/h3>\n<p>Entre em Contato<\/p>\n<p><a href=\"tel:(41)987238851\">(41) 98723-8851<\/a><\/p>\n<p>E-mail<\/p>\n<p><a href=\"mailto:\">bruno@linktrainer.com.br<br \/>\n<\/a><\/p>\n","protected":false},"excerpt":{"rendered":"<p>Contato Link Trainer Entre em contato conosco! Fale com a gente e leve sua equipe a um novo n\u00edvel de desempenho! Ative o JavaScript no seu navegador para preencher este formul\u00e1rio.Ative o JavaScript no seu navegador para preencher este formul\u00e1rio. Nome * NomeSobrenome E-mail *Coment\u00e1rio ou Mensagem Enviar Entre em Contato (41) 98723-8851 E-mail bruno@linktrainer.com.br<\/p>\n","protected":false},"author":1,"featured_media":0,"parent":0,"menu_order":0,"comment_status":"closed","ping_status":"closed","template":"","meta":{"footnotes":""},"class_list":["post-967","page","type-page","status-publish","hentry","entry"],"_links":{"self":[{"href":"https:\/\/linktrainer.com.br\/index.php?rest_route=\/wp\/v2\/pages\/967","targetHints":{"allow":["GET"]}}],"collection":[{"href":"https:\/\/linktrainer.com.br\/index.php?rest_route=\/wp\/v2\/pages"}],"about":[{"href":"https:\/\/linktrainer.com.br\/index.php?rest_route=\/wp\/v2\/types\/page"}],"author":[{"embeddable":true,"href":"https:\/\/linktrainer.com.br\/index.php?rest_route=\/wp\/v2\/users\/1"}],"replies":[{"embeddable":true,"href":"https:\/\/linktrainer.com.br\/index.php?rest_route=%2Fwp%2Fv2%2Fcomments&post=967"}],"version-history":[{"count":11,"href":"https:\/\/linktrainer.com.br\/index.php?rest_route=\/wp\/v2\/pages\/967\/revisions"}],"predecessor-version":[{"id":11505,"href":"https:\/\/linktrainer.com.br\/index.php?rest_route=\/wp\/v2\/pages\/967\/revisions\/11505"}],"wp:attachment":[{"href":"https:\/\/linktrainer.com.br\/index.php?rest_route=%2Fwp%2Fv2%2Fmedia&parent=967"}],"curies":[{"name":"wp","href":"https:\/\/api.w.org\/{rel}","templated":true}]}}